{"id":14,"date":"2022-09-20T06:44:19","date_gmt":"2022-09-20T06:44:19","guid":{"rendered":"https:\/\/bahnwerbung.at\/?page_id=14"},"modified":"2022-10-04T06:57:26","modified_gmt":"2022-10-04T06:57:26","slug":"home","status":"publish","type":"page","link":"https:\/\/bahnwerbung.at\/","title":{"rendered":"Home"},"content":{"rendered":"<section class=\"l-section wpb_row height_auto width_full\"><div class=\"l-section-h i-cf\"><div class=\"g-cols vc_row via_flex valign_top type_default stacking_default\"><div class=\"vc_col-sm-12 wpb_column vc_column_container\"><div class=\"vc_column-inner\"><div class=\"wpb_wrapper\">[rev_slider_vc alias=&#8220;home1&#8243;]<div class=\"w-separator size_large\"><\/div><div class=\"wpb_text_column\"><div class=\"wpb_wrapper\"><h1 style=\"text-align: center;\">Leistungen<\/h1>\n<\/div><\/div><\/div><\/div><\/div><\/div><\/div><\/section><section class=\"l-section wpb_row leistungen height_medium\" id=\"leistungen\"><div class=\"l-section-h i-cf\"><div class=\"g-cols vc_row via_flex valign_top type_default stacking_default\"><div class=\"vc_col-sm-12 wpb_column vc_column_container\"><div class=\"vc_column-inner\"><div class=\"wpb_wrapper\"><div class=\"g-cols wpb_row via_flex valign_top type_default stacking_default\"><div class=\"vc_col-sm-4 wpb_column vc_column_container\"><div class=\"vc_column-inner\"><div class=\"wpb_wrapper\"><div class=\"w-iconbox iconpos_top style_outlined color_primary align_center\"><a href=\"#first\" class=\"w-iconbox-link\" aria-label=\"Werbeschaltung- und Platzierung\"><div class=\"w-iconbox-icon\" style=\"font-size:2rem;\"><i class=\"far fa-clipboard\"><\/i><\/div><\/a><div class=\"w-iconbox-meta\"><a href=\"#first\" class=\"w-iconbox-link\" aria-label=\"Werbeschaltung- und Platzierung\"><h4 class=\"w-iconbox-title\">Werbeschaltung- und Platzierung<\/h4><\/a><div class=\"w-iconbox-text\"><p>Wir platzieren Ihre Werbung. Ob auf der Stra\u00dfe im Gro\u00dfformat, an Bahnh\u00f6fen, Zeitungen, Radios, als Postwurfsendung oder durch unser Promotion Team bei Veranstaltungen.<\/p>\n<\/div><\/div><\/div><\/div><\/div><\/div><div class=\"vc_col-sm-4 wpb_column vc_column_container\"><div class=\"vc_column-inner\"><div class=\"wpb_wrapper\"><div class=\"w-iconbox iconpos_top style_outlined color_primary align_center\"><a href=\"#second\" class=\"w-iconbox-link\" aria-label=\"Druckabwicklung\"><div class=\"w-iconbox-icon\" style=\"font-size:2rem;\"><i class=\"fal fa-print\"><\/i><\/div><\/a><div class=\"w-iconbox-meta\"><a href=\"#second\" class=\"w-iconbox-link\" aria-label=\"Druckabwicklung\"><h4 class=\"w-iconbox-title\">Druckabwicklung<\/h4><\/a><div class=\"w-iconbox-text\"><p>Wir k\u00fcmmern uns um die Abwicklung Ihrer Druckauftr\u00e4ge. Ob Plakat f\u00fcr eine Veranstaltung, ein Flyer zur Pr\u00e4sentation Ihrer Produkte oder Display-Systeme f\u00fcr Messen. Sie haben damit keine Arbeit<\/p>\n<\/div><\/div><\/div><\/div><\/div><\/div><div class=\"vc_col-sm-4 wpb_column vc_column_container\"><div class=\"vc_column-inner\"><div class=\"wpb_wrapper\"><div class=\"w-iconbox iconpos_top style_outlined color_primary align_center\"><a href=\"#third\" class=\"w-iconbox-link\" aria-label=\"Event-Planung\"><div class=\"w-iconbox-icon\" style=\"font-size:2rem;\"><i class=\"far fa-calendar\"><\/i><\/div><\/a><div class=\"w-iconbox-meta\"><a href=\"#third\" class=\"w-iconbox-link\" aria-label=\"Event-Planung\"><h4 class=\"w-iconbox-title\">Event-Planung<\/h4><\/a><div class=\"w-iconbox-text\"><p>Wir organisieren Ihr Event, ob Roadshows, Feiern, Messest\u00e4nde uvm. Weiters bieten wir das Branding, Sampling und Staffing (Personalbetreung) von Veranstaltungen an.<\/p>\n<\/div><\/div><\/div><\/div><\/div><\/div><\/div><div class=\"w-separator size_large\"><\/div><div class=\"g-cols wpb_row via_flex valign_top type_default stacking_default\"><div class=\"vc_col-sm-4 wpb_column vc_column_container\"><div class=\"vc_column-inner\"><div class=\"wpb_wrapper\"><div class=\"w-iconbox iconpos_top style_outlined color_primary align_center\"><a href=\"#first\" class=\"w-iconbox-link\" aria-label=\"Web Design\"><div class=\"w-iconbox-icon\" style=\"font-size:2rem;\"><i class=\"far fa-desktop\"><\/i><\/div><\/a><div class=\"w-iconbox-meta\"><a href=\"#first\" class=\"w-iconbox-link\" aria-label=\"Web Design\"><h4 class=\"w-iconbox-title\">Web Design<\/h4><\/a><div class=\"w-iconbox-text\"><p>Wir planen und setzen eine f\u00fcr Sie ma\u00dfgeschneiderte Website um. Durch unsere einfache CMS L\u00f6sung k\u00f6nnen Sie Ihre Website anschlie\u00dfend ganz einfach selbst verwalten und Inhalte bearbeiten.<\/p>\n<\/div><\/div><\/div><\/div><\/div><\/div><div class=\"vc_col-sm-4 wpb_column vc_column_container\"><div class=\"vc_column-inner\"><div class=\"wpb_wrapper\"><\/div><\/div><\/div><div class=\"vc_col-sm-4 wpb_column vc_column_container\"><div class=\"vc_column-inner\"><div class=\"wpb_wrapper\"><div class=\"w-iconbox iconpos_top style_outlined color_primary align_center\"><a href=\"#second\" class=\"w-iconbox-link\" aria-label=\"Design\"><div class=\"w-iconbox-icon\" style=\"font-size:2rem;\"><i class=\"far fa-paint-brush\"><\/i><\/div><\/a><div class=\"w-iconbox-meta\"><a href=\"#second\" class=\"w-iconbox-link\" aria-label=\"Design\"><h4 class=\"w-iconbox-title\">Design<\/h4><\/a><div class=\"w-iconbox-text\"><p>Sie ben\u00f6tigen Flyer, Plakate oder gar ein ganze Corporate Design? Dann sind Sie bei uns richtig! Unsere erfahrenen Grafiker betreuen Sie bei Ihren Projekten und findet zusammen mit Ihnen ein Erscheinungsbild das zu Ihnen passt.<\/p>\n<\/div><\/div><\/div><\/div><\/div><\/div><\/div><\/div><\/div><\/div><\/div><\/div><\/section><section class=\"l-section wpb_row kontakt height_large color_primary\" id=\"kontakt\"><div class=\"l-section-overlay\" style=\"background:rgba(0,0,0,0.55)\"><\/div><div class=\"l-section-h i-cf\"><div class=\"g-cols vc_row via_flex valign_top type_default stacking_default\"><div class=\"vc_col-sm-12 wpb_column vc_column_container\"><div class=\"vc_column-inner\"><div class=\"wpb_wrapper\"><div class=\"wpb_text_column\"><div class=\"wpb_wrapper\"><h1 style=\"text-align: center;\">Interesse? Schreiben Sie uns!<\/h1>\n<h4 style=\"text-align: center;\">Wir freuen uns auf Ihre Anfrage und darauf<br \/>\nIhre Projekte mit Ihnen umzusetzen.<\/h4>\n<\/div><\/div><div class=\"w-separator size_small\"><\/div><div class=\"w-iconbox iconpos_top style_outlined color_custom align_center no_title no_text\"><div class=\"w-iconbox-icon\" style=\"font-size:2rem;box-shadow:inset 0 0 0 2px #ffffff;color:#ffffff;\"><i class=\"fal fa-arrow-down\"><\/i><\/div><div class=\"w-iconbox-meta\"><\/div><\/div><\/div><\/div><\/div><\/div><\/div><\/section><section class=\"l-section wpb_row height_large\"><div class=\"l-section-h i-cf\"><div class=\"g-cols vc_row via_flex valign_top type_default stacking_default\"><div class=\"vc_col-sm-12 wpb_column vc_column_container\"><div class=\"vc_column-inner\"><div class=\"wpb_wrapper\"><div class=\"wpb_text_column\"><div class=\"wpb_wrapper\"><h1 style=\"text-align: center;\">Kontakt<\/h1>\n<\/div><\/div><div class=\"w-separator size_large\"><\/div><div class=\"g-cols wpb_row via_flex valign_top type_default stacking_default\"><div class=\"vc_col-sm-6 wpb_column vc_column_container\"><div class=\"vc_column-inner\"><div class=\"wpb_wrapper\"><div class=\"w-iconbox iconpos_left style_outlined color_primary align_left no_text\"><a href=\"mailto:office@mediaking.at\" class=\"w-iconbox-link\" aria-label=\"office@bahnwerbung.at\"><div class=\"w-iconbox-icon\" style=\"font-size:2rem;\"><i class=\"far fa-envelope\"><\/i><\/div><\/a><div class=\"w-iconbox-meta\"><a href=\"mailto:office@mediaking.at\" class=\"w-iconbox-link\" aria-label=\"office@bahnwerbung.at\"><h4 class=\"w-iconbox-title\">office@bahnwerbung.at<\/h4><\/a><\/div><\/div><\/div><\/div><\/div><div class=\"vc_col-sm-6 wpb_column vc_column_container\"><div class=\"vc_column-inner\"><div class=\"wpb_wrapper\"><div class=\"w-iconbox iconpos_left style_outlined color_primary align_left no_text\"><a href=\"tel:+4369912000959\" class=\"w-iconbox-link\" aria-label=\"+43 (0) 699\/ 1200 0959\"><div class=\"w-iconbox-icon\" style=\"font-size:2rem;\"><i class=\"far fa-phone\"><\/i><\/div><\/a><div class=\"w-iconbox-meta\"><a href=\"tel:+4369912000959\" class=\"w-iconbox-link\" aria-label=\"+43 (0) 699\/ 1200 0959\"><h4 class=\"w-iconbox-title\">+43 (0) 699\/ 1200 0959<\/h4><\/a><\/div><\/div><\/div><\/div><\/div><\/div><div class=\"w-separator size_large\"><\/div><div class=\"w-iconbox iconpos_left style_outlined color_primary align_left no_text\"><a href=\"https:\/\/goo.gl\/maps\/4HLfnEGUZS9kNnfAA\" class=\"w-iconbox-link\" aria-label=\"Ruedlstra\u00dfe 13, 2630 Ternitz, \u00d6sterreich\"><div class=\"w-iconbox-icon\" style=\"font-size:2rem;\"><i class=\"far fa-map-marked-alt\"><\/i><\/div><\/a><div class=\"w-iconbox-meta\"><a href=\"https:\/\/goo.gl\/maps\/4HLfnEGUZS9kNnfAA\" class=\"w-iconbox-link\" aria-label=\"Ruedlstra\u00dfe 13, 2630 Ternitz, \u00d6sterreich\"><h4 class=\"w-iconbox-title\">Ruedlstra\u00dfe 13, 2630 Ternitz, \u00d6sterreich<\/h4><\/a><\/div><\/div><\/div><\/div><\/div><\/div><\/div><\/section>\n","protected":false},"excerpt":{"rendered":"[rev_slider_vc alias=\"home1\"]Leistungen Werbeschaltung- und PlatzierungWir platzieren Ihre Werbung. Ob auf der Stra\u00dfe im Gro\u00dfformat, an Bahnh\u00f6fen, Zeitungen, Radios, als Postwurfsendung oder durch unser Promotion Team bei Veranstaltungen. DruckabwicklungWir k\u00fcmmern uns um die Abwicklung Ihrer Druckauftr\u00e4ge. Ob Plakat f\u00fcr eine Veranstaltung, ein Flyer zur Pr\u00e4sentation Ihrer Produkte oder Display-Systeme f\u00fcr Messen. Sie haben damit keine Arbeit...","protected":false},"author":1,"featured_media":0,"parent":0,"menu_order":0,"comment_status":"closed","ping_status":"closed","template":"","meta":{"footnotes":""},"class_list":["post-14","page","type-page","status-publish","hentry"],"yoast_head":"<!-- This site is optimized with the Yoast SEO plugin v27.5 - https:\/\/yoast.com\/product\/yoast-seo-wordpress\/ -->\n<title>Home - Bahnwerbung.at - Werbeagentur Ternitz<\/title>\n<meta name=\"robots\" content=\"index, follow, max-snippet:-1, max-image-preview:large, max-video-preview:-1\" \/>\n<link rel=\"canonical\" href=\"https:\/\/bahnwerbung.at\/\" \/>\n<meta property=\"og:locale\" content=\"de_DE\" \/>\n<meta property=\"og:type\" content=\"article\" \/>\n<meta property=\"og:title\" content=\"Home - Bahnwerbung.at - Werbeagentur Ternitz\" \/>\n<meta property=\"og:url\" content=\"https:\/\/bahnwerbung.at\/\" \/>\n<meta property=\"og:site_name\" content=\"Bahnwerbung.at - Werbeagentur Ternitz\" \/>\n<meta property=\"article:publisher\" content=\"https:\/\/www.facebook.com\/MediaKing.at\/\" \/>\n<meta property=\"article:modified_time\" content=\"2022-10-04T06:57:26+00:00\" \/>\n<meta name=\"twitter:card\" content=\"summary_large_image\" \/>\n<meta name=\"twitter:label1\" content=\"Gesch\u00e4tzte Lesezeit\" \/>\n\t<meta name=\"twitter:data1\" content=\"2\u00a0Minuten\" \/>\n<script type=\"application\/ld+json\" class=\"yoast-schema-graph\">{\"@context\":\"https:\\\/\\\/schema.org\",\"@graph\":[{\"@type\":\"WebPage\",\"@id\":\"https:\\\/\\\/bahnwerbung.at\\\/\",\"url\":\"https:\\\/\\\/bahnwerbung.at\\\/\",\"name\":\"Home - Bahnwerbung.at - Werbeagentur Ternitz\",\"isPartOf\":{\"@id\":\"https:\\\/\\\/bahnwerbung.at\\\/#website\"},\"datePublished\":\"2022-09-20T06:44:19+00:00\",\"dateModified\":\"2022-10-04T06:57:26+00:00\",\"breadcrumb\":{\"@id\":\"https:\\\/\\\/bahnwerbung.at\\\/#breadcrumb\"},\"inLanguage\":\"de\",\"potentialAction\":[{\"@type\":\"ReadAction\",\"target\":[\"https:\\\/\\\/bahnwerbung.at\\\/\"]}]},{\"@type\":\"BreadcrumbList\",\"@id\":\"https:\\\/\\\/bahnwerbung.at\\\/#breadcrumb\",\"itemListElement\":[{\"@type\":\"ListItem\",\"position\":1,\"name\":\"Startseite\",\"item\":\"https:\\\/\\\/bahnwerbung.at\\\/\"},{\"@type\":\"ListItem\",\"position\":2,\"name\":\"Home\"}]},{\"@type\":\"WebSite\",\"@id\":\"https:\\\/\\\/bahnwerbung.at\\\/#website\",\"url\":\"https:\\\/\\\/bahnwerbung.at\\\/\",\"name\":\"Bahnwerbung.at - Werbeagentur Ternitz\",\"description\":\"Zielgerichtete Werbung in \u00f6ffentlichen Verkehrsmittel und Bahnh\u00f6fen\",\"publisher\":{\"@id\":\"https:\\\/\\\/bahnwerbung.at\\\/#organization\"},\"potentialAction\":[{\"@type\":\"SearchAction\",\"target\":{\"@type\":\"EntryPoint\",\"urlTemplate\":\"https:\\\/\\\/bahnwerbung.at\\\/?s={search_term_string}\"},\"query-input\":{\"@type\":\"PropertyValueSpecification\",\"valueRequired\":true,\"valueName\":\"search_term_string\"}}],\"inLanguage\":\"de\"},{\"@type\":\"Organization\",\"@id\":\"https:\\\/\\\/bahnwerbung.at\\\/#organization\",\"name\":\"Bahnwerbung.at - Werbeagentur Ternitz\",\"url\":\"https:\\\/\\\/bahnwerbung.at\\\/\",\"logo\":{\"@type\":\"ImageObject\",\"inLanguage\":\"de\",\"@id\":\"https:\\\/\\\/bahnwerbung.at\\\/#\\\/schema\\\/logo\\\/image\\\/\",\"url\":\"https:\\\/\\\/bahnwerbung.at\\\/wp-content\\\/uploads\\\/2022\\\/10\\\/bahnwerbung-logo.svg\",\"contentUrl\":\"https:\\\/\\\/bahnwerbung.at\\\/wp-content\\\/uploads\\\/2022\\\/10\\\/bahnwerbung-logo.svg\",\"width\":\"1024\",\"height\":\"1024\",\"caption\":\"Bahnwerbung.at - Werbeagentur Ternitz\"},\"image\":{\"@id\":\"https:\\\/\\\/bahnwerbung.at\\\/#\\\/schema\\\/logo\\\/image\\\/\"},\"sameAs\":[\"https:\\\/\\\/www.facebook.com\\\/MediaKing.at\\\/\"]}]}<\/script>\n<!-- \/ Yoast SEO plugin. -->","yoast_head_json":{"title":"Home - Bahnwerbung.at - Werbeagentur Ternitz","robots":{"index":"index","follow":"follow","max-snippet":"max-snippet:-1","max-image-preview":"max-image-preview:large","max-video-preview":"max-video-preview:-1"},"canonical":"https:\/\/bahnwerbung.at\/","og_locale":"de_DE","og_type":"article","og_title":"Home - Bahnwerbung.at - Werbeagentur Ternitz","og_url":"https:\/\/bahnwerbung.at\/","og_site_name":"Bahnwerbung.at - Werbeagentur Ternitz","article_publisher":"https:\/\/www.facebook.com\/MediaKing.at\/","article_modified_time":"2022-10-04T06:57:26+00:00","twitter_card":"summary_large_image","twitter_misc":{"Gesch\u00e4tzte Lesezeit":"2\u00a0Minuten"},"schema":{"@context":"https:\/\/schema.org","@graph":[{"@type":"WebPage","@id":"https:\/\/bahnwerbung.at\/","url":"https:\/\/bahnwerbung.at\/","name":"Home - Bahnwerbung.at - Werbeagentur Ternitz","isPartOf":{"@id":"https:\/\/bahnwerbung.at\/#website"},"datePublished":"2022-09-20T06:44:19+00:00","dateModified":"2022-10-04T06:57:26+00:00","breadcrumb":{"@id":"https:\/\/bahnwerbung.at\/#breadcrumb"},"inLanguage":"de","potentialAction":[{"@type":"ReadAction","target":["https:\/\/bahnwerbung.at\/"]}]},{"@type":"BreadcrumbList","@id":"https:\/\/bahnwerbung.at\/#breadcrumb","itemListElement":[{"@type":"ListItem","position":1,"name":"Startseite","item":"https:\/\/bahnwerbung.at\/"},{"@type":"ListItem","position":2,"name":"Home"}]},{"@type":"WebSite","@id":"https:\/\/bahnwerbung.at\/#website","url":"https:\/\/bahnwerbung.at\/","name":"Bahnwerbung.at - Werbeagentur Ternitz","description":"Zielgerichtete Werbung in \u00f6ffentlichen Verkehrsmittel und Bahnh\u00f6fen","publisher":{"@id":"https:\/\/bahnwerbung.at\/#organization"},"potentialAction":[{"@type":"SearchAction","target":{"@type":"EntryPoint","urlTemplate":"https:\/\/bahnwerbung.at\/?s={search_term_string}"},"query-input":{"@type":"PropertyValueSpecification","valueRequired":true,"valueName":"search_term_string"}}],"inLanguage":"de"},{"@type":"Organization","@id":"https:\/\/bahnwerbung.at\/#organization","name":"Bahnwerbung.at - Werbeagentur Ternitz","url":"https:\/\/bahnwerbung.at\/","logo":{"@type":"ImageObject","inLanguage":"de","@id":"https:\/\/bahnwerbung.at\/#\/schema\/logo\/image\/","url":"https:\/\/bahnwerbung.at\/wp-content\/uploads\/2022\/10\/bahnwerbung-logo.svg","contentUrl":"https:\/\/bahnwerbung.at\/wp-content\/uploads\/2022\/10\/bahnwerbung-logo.svg","width":"1024","height":"1024","caption":"Bahnwerbung.at - Werbeagentur Ternitz"},"image":{"@id":"https:\/\/bahnwerbung.at\/#\/schema\/logo\/image\/"},"sameAs":["https:\/\/www.facebook.com\/MediaKing.at\/"]}]}},"_links":{"self":[{"href":"https:\/\/bahnwerbung.at\/index.php\/wp-json\/wp\/v2\/pages\/14","targetHints":{"allow":["GET"]}}],"collection":[{"href":"https:\/\/bahnwerbung.at\/index.php\/wp-json\/wp\/v2\/pages"}],"about":[{"href":"https:\/\/bahnwerbung.at\/index.php\/wp-json\/wp\/v2\/types\/page"}],"author":[{"embeddable":true,"href":"https:\/\/bahnwerbung.at\/index.php\/wp-json\/wp\/v2\/users\/1"}],"replies":[{"embeddable":true,"href":"https:\/\/bahnwerbung.at\/index.php\/wp-json\/wp\/v2\/comments?post=14"}],"version-history":[{"count":32,"href":"https:\/\/bahnwerbung.at\/index.php\/wp-json\/wp\/v2\/pages\/14\/revisions"}],"predecessor-version":[{"id":61,"href":"https:\/\/bahnwerbung.at\/index.php\/wp-json\/wp\/v2\/pages\/14\/revisions\/61"}],"wp:attachment":[{"href":"https:\/\/bahnwerbung.at\/index.php\/wp-json\/wp\/v2\/media?parent=14"}],"curies":[{"name":"wp","href":"https:\/\/api.w.org\/{rel}","templated":true}]}}